{"id":15,"date":"2025-11-28T21:24:10","date_gmt":"2025-11-28T21:24:10","guid":{"rendered":"http:\/\/location-cure-bagneres.fr\/?page_id=15"},"modified":"2025-12-15T21:16:26","modified_gmt":"2025-12-15T21:16:26","slug":"accueil","status":"publish","type":"page","link":"https:\/\/location-cure-bagneres.fr\/","title":{"rendered":"Accueil"},"content":{"rendered":"\t\t<div data-elementor-type=\"wp-page\" data-elementor-id=\"15\" class=\"elementor elementor-15\">\n\t\t\t\t<div class=\"elementor-element elementor-element-502821fe e-con-full e-flex e-con e-parent\" data-id=\"502821fe\" data-element_type=\"container\" data-e-type=\"container\" data-settings=\"{&quot;background_background&quot;:&quot;slideshow&quot;,&quot;background_slideshow_gallery&quot;:[],&quot;background_slideshow_loop&quot;:&quot;yes&quot;,&quot;background_slideshow_slide_duration&quot;:5000,&quot;background_slideshow_slide_transition&quot;:&quot;fade&quot;,&quot;background_slideshow_transition_duration&quot;:500}\">\n\t\t\t\t<div class=\"elementor-element elementor-element-143c271f elementor-widget__width-inherit elementor-widget elementor-widget-text-editor\" data-id=\"143c271f\" data-element_type=\"widget\" data-e-type=\"widget\" data-widget_type=\"text-editor.default\">\n\t\t\t\t\t\t\t\t\t\n<p data-start=\"95\" data-end=\"117\">BONJOUR ET BIENVENUE \ud83c\udf38<\/p>\n<p data-start=\"119\" data-end=\"366\">Nous sommes <strong data-start=\"131\" data-end=\"150\">Jos\u00e9 et Josette<\/strong>, un couple de retrait\u00e9s heureux de vous accueillir dans notre villa situ\u00e9e sur les hauteurs de <strong data-start=\"253\" data-end=\"276\">Bagn\u00e8res-de-Bigorre \u00e0\u00a03 minutes en voiture des thermes<\/strong>. Au rez-de-chauss\u00e9e de notre maison, nous proposons <strong data-start=\"329\" data-end=\"364\">deux appartements \u00e0 la location<\/strong> :<\/p>\n<p data-start=\"370\" data-end=\"460\"><strong data-start=\"370\" data-end=\"405\">\ud83c\udf38 Un appartement pour 2 personnes<\/strong><\/p>\n<p data-start=\"463\" data-end=\"542\"><strong data-start=\"463\" data-end=\"498\">\ud83c\udf38 Un appartement pour 4 personnes<\/strong><\/p>\n<p data-start=\"747\" data-end=\"903\">Nous mettons tout notre c\u0153ur \u00e0 offrir un s\u00e9jour convivial, confortable et reposant, en partageant au besoin nos conseils sur la r\u00e9gion que nous aimons tant.<\/p>\n<p data-start=\"905\" data-end=\"970\">Au plaisir de vous accueillir prochainement,<br data-start=\"949\" data-end=\"952\" \/><strong data-start=\"952\" data-end=\"970\">Jos\u00e9 &amp; Josette \ud83c\udf38<\/strong><\/p>\n\t\t\t\t\t\t\t\t<\/div>\n\t\t\t\t<\/div>\n\t\t\t\t<\/div>\n\t\t","protected":false},"excerpt":{"rendered":"<p>BONJOUR ET BIENVENUE \ud83c\udf38 Nous sommes Jos\u00e9 et Josette, un couple de retrait\u00e9s heureux de vous accueillir dans notre villa situ\u00e9e sur les hauteurs de Bagn\u00e8res-de-Bigorre \u00e0\u00a03 minutes en voiture des thermes. Au rez-de-chauss\u00e9e de notre maison, nous proposons deux appartements \u00e0 la location : \ud83c\udf38 Un appartement pour 2 personnes \ud83c\udf38 Un appartement pour &hellip; <\/p>\n<p class=\"link-more\"><a href=\"https:\/\/location-cure-bagneres.fr\/\" class=\"more-link\">Continuer la lecture<span class=\"screen-reader-text\"> de &laquo;&nbsp;Accueil&nbsp;&raquo;<\/span><\/a><\/p>\n","protected":false},"author":1,"featured_media":0,"parent":0,"menu_order":0,"comment_status":"closed","ping_status":"closed","template":"","meta":{"footnotes":""},"class_list":["post-15","page","type-page","status-publish","hentry"],"_links":{"self":[{"href":"https:\/\/location-cure-bagneres.fr\/index.php?rest_route=\/wp\/v2\/pages\/15","targetHints":{"allow":["GET"]}}],"collection":[{"href":"https:\/\/location-cure-bagneres.fr\/index.php?rest_route=\/wp\/v2\/pages"}],"about":[{"href":"https:\/\/location-cure-bagneres.fr\/index.php?rest_route=\/wp\/v2\/types\/page"}],"author":[{"embeddable":true,"href":"https:\/\/location-cure-bagneres.fr\/index.php?rest_route=\/wp\/v2\/users\/1"}],"replies":[{"embeddable":true,"href":"https:\/\/location-cure-bagneres.fr\/index.php?rest_route=%2Fwp%2Fv2%2Fcomments&post=15"}],"version-history":[{"count":24,"href":"https:\/\/location-cure-bagneres.fr\/index.php?rest_route=\/wp\/v2\/pages\/15\/revisions"}],"predecessor-version":[{"id":159,"href":"https:\/\/location-cure-bagneres.fr\/index.php?rest_route=\/wp\/v2\/pages\/15\/revisions\/159"}],"wp:attachment":[{"href":"https:\/\/location-cure-bagneres.fr\/index.php?rest_route=%2Fwp%2Fv2%2Fmedia&parent=15"}],"curies":[{"name":"wp","href":"https:\/\/api.w.org\/{rel}","templated":true}]}}