{"id":16,"date":"2025-11-28T21:24:10","date_gmt":"2025-11-28T21:24:10","guid":{"rendered":"http:\/\/location-cure-bagneres.fr\/?page_id=16"},"modified":"2025-12-15T22:41:09","modified_gmt":"2025-12-15T22:41:09","slug":"a-propos-de","status":"publish","type":"page","link":"https:\/\/location-cure-bagneres.fr\/?page_id=16","title":{"rendered":"Logement 2 personnes"},"content":{"rendered":"\t\t<div data-elementor-type=\"wp-page\" data-elementor-id=\"16\" class=\"elementor elementor-16\">\n\t\t\t\t<div class=\"elementor-element elementor-element-62668170 e-flex e-con-boxed e-con e-parent\" data-id=\"62668170\" data-element_type=\"container\" data-e-type=\"container\">\n\t\t\t\t\t<div class=\"e-con-inner\">\n\t\t\t\t<div class=\"elementor-element elementor-element-4013d1dc elementor-widget elementor-widget-text-editor\" data-id=\"4013d1dc\" data-element_type=\"widget\" data-e-type=\"widget\" data-widget_type=\"text-editor.default\">\n\t\t\t\t\t\t\t\t\t\n<p data-start=\"165\" data-end=\"459\">Appartement au rez-de-chauss\u00e9e de notre villa, situ\u00e9 dans un quartier calme de Bagn\u00e8res-de-Bigorre, \u00e0 seulement 3 minutes en voiture des Grands Thermes et du centre-ville. Implant\u00e9 sur une petite colline, il offre une belle vue d\u00e9gag\u00e9e sur la ville, les collines et la vall\u00e9e.<\/p>\n<p data-start=\"461\" data-end=\"737\">Id\u00e9al pour un s\u00e9jour de cure, l\u2019appartement dispose d\u2019un s\u00e9jour avec cuisine ouverte, d\u2019une chambre, d\u2019une salle d\u2019eau, ainsi que d\u2019une terrasse et d\u2019un espace ext\u00e9rieur agr\u00e9able.<\/p>\n<p data-start=\"461\" data-end=\"737\">Parking devant la maison et navette gratuite \u00e0 proximit\u00e9 pour rejoindre les thermes facilement \ud83c\udf38<\/p>\n\t\t\t\t\t\t\t\t<\/div>\n\t\t\t\t\t<\/div>\n\t\t\t\t<\/div>\n\t\t<div class=\"elementor-element elementor-element-81dca22 e-flex e-con-boxed elementor-invisible e-con e-parent\" data-id=\"81dca22\" data-element_type=\"container\" data-e-type=\"container\" data-settings=\"{&quot;animation&quot;:&quot;fadeInLeft&quot;}\">\n\t\t\t\t\t<div class=\"e-con-inner\">\n\t\t<div class=\"elementor-element elementor-element-0ad799c e-con-full e-flex e-con e-child\" data-id=\"0ad799c\" data-element_type=\"container\" data-e-type=\"container\">\n\t\t\t\t<div class=\"elementor-element elementor-element-eb21e4e elementor-widget elementor-widget-image\" data-id=\"eb21e4e\" data-element_type=\"widget\" data-e-type=\"widget\" data-widget_type=\"image.default\">\n\t\t\t\t\t\t\t\t\t\t\t\t\t\t\t<img fetchpriority=\"high\" decoding=\"async\" width=\"525\" height=\"373\" src=\"https:\/\/location-cure-bagneres.fr\/wp-content\/uploads\/2025\/12\/W-230819-7-6.jpg\" class=\"attachment-large size-large wp-image-78\" alt=\"Location 3 semaines\" srcset=\"https:\/\/location-cure-bagneres.fr\/wp-content\/uploads\/2025\/12\/W-230819-7-6.jpg 745w, https:\/\/location-cure-bagneres.fr\/wp-content\/uploads\/2025\/12\/W-230819-7-6-300x213.jpg 300w\" sizes=\"100vw\" \/>\t\t\t\t\t\t\t\t\t\t\t\t\t\t\t<\/div>\n\t\t\t\t<\/div>\n\t\t<div class=\"elementor-element elementor-element-a337b29 e-con-full e-flex e-con e-child\" data-id=\"a337b29\" data-element_type=\"container\" data-e-type=\"container\">\n\t\t\t\t<div class=\"elementor-element elementor-element-ae37bbb elementor-widget elementor-widget-image\" data-id=\"ae37bbb\" data-element_type=\"widget\" data-e-type=\"widget\" data-widget_type=\"image.default\">\n\t\t\t\t\t\t\t\t\t\t\t\t\t\t\t<img decoding=\"async\" width=\"525\" height=\"373\" src=\"https:\/\/location-cure-bagneres.fr\/wp-content\/uploads\/2025\/12\/W-230819-6-4.jpg\" class=\"attachment-large size-large wp-image-80\" alt=\"Location Bagn\u00e8res de Bigorre\" srcset=\"https:\/\/location-cure-bagneres.fr\/wp-content\/uploads\/2025\/12\/W-230819-6-4.jpg 745w, https:\/\/location-cure-bagneres.fr\/wp-content\/uploads\/2025\/12\/W-230819-6-4-300x213.jpg 300w\" sizes=\"100vw\" \/>\t\t\t\t\t\t\t\t\t\t\t\t\t\t\t<\/div>\n\t\t\t\t<\/div>\n\t\t<div class=\"elementor-element elementor-element-72791c9 e-con-full e-flex e-con e-child\" data-id=\"72791c9\" data-element_type=\"container\" data-e-type=\"container\">\n\t\t\t\t<div class=\"elementor-element elementor-element-09639e8 elementor-widget elementor-widget-image\" data-id=\"09639e8\" data-element_type=\"widget\" data-e-type=\"widget\" data-widget_type=\"image.default\">\n\t\t\t\t\t\t\t\t\t\t\t\t\t\t\t<img decoding=\"async\" width=\"525\" height=\"373\" src=\"https:\/\/location-cure-bagneres.fr\/wp-content\/uploads\/2025\/12\/W-230819-5-3.jpg\" class=\"attachment-large size-large wp-image-85\" alt=\"Location curistes\" srcset=\"https:\/\/location-cure-bagneres.fr\/wp-content\/uploads\/2025\/12\/W-230819-5-3.jpg 745w, https:\/\/location-cure-bagneres.fr\/wp-content\/uploads\/2025\/12\/W-230819-5-3-300x213.jpg 300w\" sizes=\"100vw\" \/>\t\t\t\t\t\t\t\t\t\t\t\t\t\t\t<\/div>\n\t\t\t\t<\/div>\n\t\t<div class=\"elementor-element elementor-element-2071a2b e-con-full e-flex e-con e-child\" data-id=\"2071a2b\" data-element_type=\"container\" data-e-type=\"container\">\n\t\t\t\t<div class=\"elementor-element elementor-element-c5073fc elementor-widget elementor-widget-image\" data-id=\"c5073fc\" data-element_type=\"widget\" data-e-type=\"widget\" data-widget_type=\"image.default\">\n\t\t\t\t\t\t\t\t\t\t\t\t\t\t\t<img loading=\"lazy\" decoding=\"async\" width=\"525\" height=\"373\" src=\"https:\/\/location-cure-bagneres.fr\/wp-content\/uploads\/2025\/12\/W-230819-4-4.jpg\" class=\"attachment-large size-large wp-image-86\" alt=\"\" srcset=\"https:\/\/location-cure-bagneres.fr\/wp-content\/uploads\/2025\/12\/W-230819-4-4.jpg 745w, https:\/\/location-cure-bagneres.fr\/wp-content\/uploads\/2025\/12\/W-230819-4-4-300x213.jpg 300w\" sizes=\"100vw\" \/>\t\t\t\t\t\t\t\t\t\t\t\t\t\t\t<\/div>\n\t\t\t\t<\/div>\n\t\t<div class=\"elementor-element elementor-element-20d9fc3 e-con-full e-flex e-con e-child\" data-id=\"20d9fc3\" data-element_type=\"container\" data-e-type=\"container\">\n\t\t\t\t<div class=\"elementor-element elementor-element-90b3741 elementor-widget elementor-widget-image\" data-id=\"90b3741\" data-element_type=\"widget\" data-e-type=\"widget\" data-widget_type=\"image.default\">\n\t\t\t\t\t\t\t\t\t\t\t\t\t\t\t<img loading=\"lazy\" decoding=\"async\" width=\"525\" height=\"373\" src=\"https:\/\/location-cure-bagneres.fr\/wp-content\/uploads\/2025\/12\/W-230819-1-6.jpg\" class=\"attachment-large size-large wp-image-88\" alt=\"\" srcset=\"https:\/\/location-cure-bagneres.fr\/wp-content\/uploads\/2025\/12\/W-230819-1-6.jpg 745w, https:\/\/location-cure-bagneres.fr\/wp-content\/uploads\/2025\/12\/W-230819-1-6-300x213.jpg 300w\" sizes=\"100vw\" \/>\t\t\t\t\t\t\t\t\t\t\t\t\t\t\t<\/div>\n\t\t\t\t<\/div>\n\t\t<div class=\"elementor-element elementor-element-65bfea1 e-con-full e-flex e-con e-child\" data-id=\"65bfea1\" data-element_type=\"container\" data-e-type=\"container\">\n\t\t\t\t<div class=\"elementor-element elementor-element-235490f elementor-widget elementor-widget-image\" data-id=\"235490f\" data-element_type=\"widget\" data-e-type=\"widget\" data-widget_type=\"image.default\">\n\t\t\t\t\t\t\t\t\t\t\t\t\t\t\t<img loading=\"lazy\" decoding=\"async\" width=\"525\" height=\"373\" src=\"https:\/\/location-cure-bagneres.fr\/wp-content\/uploads\/2025\/12\/W-230819-3-6.jpg\" class=\"attachment-large size-large wp-image-89\" alt=\"Bagn\u00e8res de Bigorre\" srcset=\"https:\/\/location-cure-bagneres.fr\/wp-content\/uploads\/2025\/12\/W-230819-3-6.jpg 745w, https:\/\/location-cure-bagneres.fr\/wp-content\/uploads\/2025\/12\/W-230819-3-6-300x213.jpg 300w\" sizes=\"100vw\" \/>\t\t\t\t\t\t\t\t\t\t\t\t\t\t\t<\/div>\n\t\t\t\t<\/div>\n\t\t\t\t\t<\/div>\n\t\t\t\t<\/div>\n\t\t<div class=\"elementor-element elementor-element-d03e528 e-flex e-con-boxed e-con e-parent\" data-id=\"d03e528\" data-element_type=\"container\" data-e-type=\"container\">\n\t\t\t\t\t<div class=\"e-con-inner\">\n\t\t<div class=\"elementor-element elementor-element-b9e62f2 e-con-full e-flex e-con e-child\" data-id=\"b9e62f2\" data-element_type=\"container\" data-e-type=\"container\">\n\t\t\t\t<div class=\"elementor-element elementor-element-169a930 elementor-widget elementor-widget-heading\" data-id=\"169a930\" data-element_type=\"widget\" data-e-type=\"widget\" data-widget_type=\"heading.default\">\n\t\t\t\t\t<h2 class=\"elementor-heading-title elementor-size-default\">Tarifs <br> pour 3 semaines<\/h2>\t\t\t\t<\/div>\n\t\t\t\t<\/div>\n\t\t<div class=\"elementor-element elementor-element-c6285c6 e-con-full e-flex e-con e-child\" data-id=\"c6285c6\" data-element_type=\"container\" data-e-type=\"container\">\n\t\t<div class=\"elementor-element elementor-element-b7b5a57 e-con-full e-flex e-con e-child\" data-id=\"b7b5a57\" data-element_type=\"container\" data-e-type=\"container\">\n\t\t\t\t<div class=\"elementor-element elementor-element-e476378 elementor-widget elementor-widget-text-editor\" data-id=\"e476378\" data-element_type=\"widget\" data-e-type=\"widget\" data-widget_type=\"text-editor.default\">\n\t\t\t\t\t\t\t\t\t<p>Basse saison (mars \/ avril \/ octobre \/ novembre)<\/p>\n<p>600\u20ac \ud83c\udf38<\/p>\n<p>Moyenne saison (mai \/ juin)\u00a0<\/p>\n<p>700\u20ac \ud83c\udf38<\/p>\n<p>Haute saison (juillet \/ ao\u00fbt \/ septembre)<\/p>\n<p>800\u20ac \ud83c\udf38<\/p>\n<p>\u00a0<\/p>\t\t\t\t\t\t\t\t<\/div>\n\t\t\t\t<\/div>\n\t\t<div class=\"elementor-element elementor-element-b6dd04a e-con-full e-flex e-con e-child\" data-id=\"b6dd04a\" data-element_type=\"container\" data-e-type=\"container\">\n\t\t\t\t<div class=\"elementor-element elementor-element-6ef5ab7 elementor-widget elementor-widget-heading\" data-id=\"6ef5ab7\" data-element_type=\"widget\" data-e-type=\"widget\" data-widget_type=\"heading.default\">\n\t\t\t\t\t<h2 class=\"elementor-heading-title elementor-size-default\">R\u00e9servez au <br> 06 70 12 00 14<\/h2>\t\t\t\t<\/div>\n\t\t\t\t<\/div>\n\t\t\t\t<\/div>\n\t\t\t\t\t<\/div>\n\t\t\t\t<\/div>\n\t\t\t\t<\/div>\n\t\t","protected":false},"excerpt":{"rendered":"<p>Appartement au rez-de-chauss\u00e9e de notre villa, situ\u00e9 dans un quartier calme de Bagn\u00e8res-de-Bigorre, \u00e0 seulement 3 minutes en voiture des Grands Thermes et du centre-ville. Implant\u00e9 sur une petite colline, il offre une belle vue d\u00e9gag\u00e9e sur la ville, les collines et la vall\u00e9e. Id\u00e9al pour un s\u00e9jour de cure, l\u2019appartement dispose d\u2019un s\u00e9jour avec &hellip; <\/p>\n<p class=\"link-more\"><a href=\"https:\/\/location-cure-bagneres.fr\/?page_id=16\" class=\"more-link\">Continuer la lecture<span class=\"screen-reader-text\"> de &laquo;&nbsp;Logement 2 personnes&nbsp;&raquo;<\/span><\/a><\/p>\n","protected":false},"author":1,"featured_media":74,"parent":0,"menu_order":0,"comment_status":"closed","ping_status":"closed","template":"","meta":{"footnotes":""},"class_list":["post-16","page","type-page","status-publish","has-post-thumbnail","hentry"],"_links":{"self":[{"href":"https:\/\/location-cure-bagneres.fr\/index.php?rest_route=\/wp\/v2\/pages\/16","targetHints":{"allow":["GET"]}}],"collection":[{"href":"https:\/\/location-cure-bagneres.fr\/index.php?rest_route=\/wp\/v2\/pages"}],"about":[{"href":"https:\/\/location-cure-bagneres.fr\/index.php?rest_route=\/wp\/v2\/types\/page"}],"author":[{"embeddable":true,"href":"https:\/\/location-cure-bagneres.fr\/index.php?rest_route=\/wp\/v2\/users\/1"}],"replies":[{"embeddable":true,"href":"https:\/\/location-cure-bagneres.fr\/index.php?rest_route=%2Fwp%2Fv2%2Fcomments&post=16"}],"version-history":[{"count":30,"href":"https:\/\/location-cure-bagneres.fr\/index.php?rest_route=\/wp\/v2\/pages\/16\/revisions"}],"predecessor-version":[{"id":164,"href":"https:\/\/location-cure-bagneres.fr\/index.php?rest_route=\/wp\/v2\/pages\/16\/revisions\/164"}],"wp:featuredmedia":[{"embeddable":true,"href":"https:\/\/location-cure-bagneres.fr\/index.php?rest_route=\/wp\/v2\/media\/74"}],"wp:attachment":[{"href":"https:\/\/location-cure-bagneres.fr\/index.php?rest_route=%2Fwp%2Fv2%2Fmedia&parent=16"}],"curies":[{"name":"wp","href":"https:\/\/api.w.org\/{rel}","templated":true}]}}