{"id":18,"date":"2025-11-28T21:24:10","date_gmt":"2025-11-28T21:24:10","guid":{"rendered":"http:\/\/location-cure-bagneres.fr\/?page_id=18"},"modified":"2025-12-15T22:41:50","modified_gmt":"2025-12-15T22:41:50","slug":"blog","status":"publish","type":"page","link":"https:\/\/location-cure-bagneres.fr\/?page_id=18","title":{"rendered":"Logement 4 personnes"},"content":{"rendered":"\t\t<div data-elementor-type=\"wp-page\" data-elementor-id=\"18\" class=\"elementor elementor-18\">\n\t\t\t\t<div class=\"elementor-element elementor-element-8558c69 e-flex e-con-boxed e-con e-parent\" data-id=\"8558c69\" data-element_type=\"container\" data-e-type=\"container\">\n\t\t\t\t\t<div class=\"e-con-inner\">\n\t\t\t\t<div class=\"elementor-element elementor-element-f985c7c elementor-widget elementor-widget-text-editor\" data-id=\"f985c7c\" data-element_type=\"widget\" data-e-type=\"widget\" data-widget_type=\"text-editor.default\">\n\t\t\t\t\t\t\t\t\t<p data-start=\"165\" data-end=\"459\">Appartement en rez-de-chauss\u00e9e de notre villa, situ\u00e9 dans un quartier calme et ensoleill\u00e9 de Bagn\u00e8res-de-Bigorre, \u00e0 seulement 3 minutes en voiture des Grands Thermes et du centre-ville. Implant\u00e9 sur une petite colline, il offre une belle vue d\u00e9gag\u00e9e sur la ville, les collines et la vall\u00e9e.<\/p><p data-start=\"461\" data-end=\"737\">Id\u00e9al pour un s\u00e9jour de cure, l\u2019appartement dispose\u00a0d\u2019une cuisine ouverte sur le s\u00e9jour, de deux chambres, d\u2019une salle d\u2019eau avec douche et WC. Il est \u00e9galement \u00e9quip\u00e9 d\u2019une terrasse am\u00e9nag\u00e9e avec salon de jardin et transats, d\u2019un lave-linge et d\u2019un parking devant la maison \ud83c\udf38<\/p>\t\t\t\t\t\t\t\t<\/div>\n\t\t\t\t\t<\/div>\n\t\t\t\t<\/div>\n\t\t<div class=\"elementor-element elementor-element-9eea1a9 e-flex e-con-boxed elementor-invisible e-con e-parent\" data-id=\"9eea1a9\" data-element_type=\"container\" data-e-type=\"container\" data-settings=\"{&quot;animation&quot;:&quot;fadeInRight&quot;}\">\n\t\t\t\t\t<div class=\"e-con-inner\">\n\t\t<div class=\"elementor-element elementor-element-df46acd e-con-full e-flex e-con e-child\" data-id=\"df46acd\" data-element_type=\"container\" data-e-type=\"container\">\n\t\t\t\t<div class=\"elementor-element elementor-element-bc7d5f1 elementor-widget elementor-widget-image\" data-id=\"bc7d5f1\" data-element_type=\"widget\" data-e-type=\"widget\" data-widget_type=\"image.default\">\n\t\t\t\t\t\t\t\t\t\t\t\t\t\t\t<img fetchpriority=\"high\" decoding=\"async\" width=\"448\" height=\"336\" src=\"https:\/\/location-cure-bagneres.fr\/wp-content\/uploads\/2025\/12\/GRANADO-Jose-Bragard-4-pers-terrasse-2014-2.jpg\" class=\"attachment-large size-large wp-image-121\" alt=\"\" srcset=\"https:\/\/location-cure-bagneres.fr\/wp-content\/uploads\/2025\/12\/GRANADO-Jose-Bragard-4-pers-terrasse-2014-2.jpg 448w, https:\/\/location-cure-bagneres.fr\/wp-content\/uploads\/2025\/12\/GRANADO-Jose-Bragard-4-pers-terrasse-2014-2-300x225.jpg 300w\" sizes=\"100vw\" \/>\t\t\t\t\t\t\t\t\t\t\t\t\t\t\t<\/div>\n\t\t\t\t<\/div>\n\t\t<div class=\"elementor-element elementor-element-f61af71 e-con-full e-flex e-con e-child\" data-id=\"f61af71\" data-element_type=\"container\" data-e-type=\"container\">\n\t\t\t\t<div class=\"elementor-element elementor-element-05dbf07 elementor-widget elementor-widget-image\" data-id=\"05dbf07\" data-element_type=\"widget\" data-e-type=\"widget\" data-widget_type=\"image.default\">\n\t\t\t\t\t\t\t\t\t\t\t\t\t\t\t<img decoding=\"async\" width=\"448\" height=\"336\" src=\"https:\/\/location-cure-bagneres.fr\/wp-content\/uploads\/2025\/12\/GRANADO-Jose-Bragard-4-pers-coin-cuis-2014.jpg\" class=\"attachment-large size-large wp-image-123\" alt=\"\" srcset=\"https:\/\/location-cure-bagneres.fr\/wp-content\/uploads\/2025\/12\/GRANADO-Jose-Bragard-4-pers-coin-cuis-2014.jpg 448w, https:\/\/location-cure-bagneres.fr\/wp-content\/uploads\/2025\/12\/GRANADO-Jose-Bragard-4-pers-coin-cuis-2014-300x225.jpg 300w\" sizes=\"100vw\" \/>\t\t\t\t\t\t\t\t\t\t\t\t\t\t\t<\/div>\n\t\t\t\t<\/div>\n\t\t<div class=\"elementor-element elementor-element-c0a1ab0 e-con-full e-flex e-con e-child\" data-id=\"c0a1ab0\" data-element_type=\"container\" data-e-type=\"container\">\n\t\t\t\t<div class=\"elementor-element elementor-element-9c9fd24 elementor-widget elementor-widget-image\" data-id=\"9c9fd24\" data-element_type=\"widget\" data-e-type=\"widget\" data-widget_type=\"image.default\">\n\t\t\t\t\t\t\t\t\t\t\t\t\t\t\t<img decoding=\"async\" width=\"448\" height=\"336\" src=\"https:\/\/location-cure-bagneres.fr\/wp-content\/uploads\/2025\/12\/GRANADO-Jose-Bragard-4-pers-sejour-2014.jpg\" class=\"attachment-large size-large wp-image-124\" alt=\"\" srcset=\"https:\/\/location-cure-bagneres.fr\/wp-content\/uploads\/2025\/12\/GRANADO-Jose-Bragard-4-pers-sejour-2014.jpg 448w, https:\/\/location-cure-bagneres.fr\/wp-content\/uploads\/2025\/12\/GRANADO-Jose-Bragard-4-pers-sejour-2014-300x225.jpg 300w\" sizes=\"100vw\" \/>\t\t\t\t\t\t\t\t\t\t\t\t\t\t\t<\/div>\n\t\t\t\t<\/div>\n\t\t<div class=\"elementor-element elementor-element-3ae5336 e-con-full e-flex e-con e-child\" data-id=\"3ae5336\" data-element_type=\"container\" data-e-type=\"container\">\n\t\t\t\t<div class=\"elementor-element elementor-element-cbfd7e2 elementor-widget elementor-widget-image\" data-id=\"cbfd7e2\" data-element_type=\"widget\" data-e-type=\"widget\" data-widget_type=\"image.default\">\n\t\t\t\t\t\t\t\t\t\t\t\t\t\t\t<img loading=\"lazy\" decoding=\"async\" width=\"448\" height=\"336\" src=\"https:\/\/location-cure-bagneres.fr\/wp-content\/uploads\/2025\/12\/GRANADO-Jose-Bragard-4-pers-chbre-1-2014.jpg\" class=\"attachment-large size-large wp-image-125\" alt=\"\" srcset=\"https:\/\/location-cure-bagneres.fr\/wp-content\/uploads\/2025\/12\/GRANADO-Jose-Bragard-4-pers-chbre-1-2014.jpg 448w, https:\/\/location-cure-bagneres.fr\/wp-content\/uploads\/2025\/12\/GRANADO-Jose-Bragard-4-pers-chbre-1-2014-300x225.jpg 300w\" sizes=\"100vw\" \/>\t\t\t\t\t\t\t\t\t\t\t\t\t\t\t<\/div>\n\t\t\t\t<\/div>\n\t\t<div class=\"elementor-element elementor-element-5faddfe e-con-full e-flex e-con e-child\" data-id=\"5faddfe\" data-element_type=\"container\" data-e-type=\"container\">\n\t\t\t\t<div class=\"elementor-element elementor-element-e135184 elementor-widget elementor-widget-image\" data-id=\"e135184\" data-element_type=\"widget\" data-e-type=\"widget\" data-widget_type=\"image.default\">\n\t\t\t\t\t\t\t\t\t\t\t\t\t\t\t<img loading=\"lazy\" decoding=\"async\" width=\"448\" height=\"336\" src=\"https:\/\/location-cure-bagneres.fr\/wp-content\/uploads\/2025\/12\/GRANADO-Jose-Bragard-4-pers-chbre-2-2014.jpg\" class=\"attachment-large size-large wp-image-126\" alt=\"4 personnes\" srcset=\"https:\/\/location-cure-bagneres.fr\/wp-content\/uploads\/2025\/12\/GRANADO-Jose-Bragard-4-pers-chbre-2-2014.jpg 448w, https:\/\/location-cure-bagneres.fr\/wp-content\/uploads\/2025\/12\/GRANADO-Jose-Bragard-4-pers-chbre-2-2014-300x225.jpg 300w\" sizes=\"100vw\" \/>\t\t\t\t\t\t\t\t\t\t\t\t\t\t\t<\/div>\n\t\t\t\t<\/div>\n\t\t<div class=\"elementor-element elementor-element-59fb1ba e-con-full e-flex e-con e-child\" data-id=\"59fb1ba\" data-element_type=\"container\" data-e-type=\"container\">\n\t\t\t\t<div class=\"elementor-element elementor-element-9e78bfb elementor-widget elementor-widget-image\" data-id=\"9e78bfb\" data-element_type=\"widget\" data-e-type=\"widget\" data-widget_type=\"image.default\">\n\t\t\t\t\t\t\t\t\t\t\t\t\t\t\t<img loading=\"lazy\" decoding=\"async\" width=\"525\" height=\"373\" src=\"https:\/\/location-cure-bagneres.fr\/wp-content\/uploads\/2025\/12\/W-230819-7-6-1.jpg\" class=\"attachment-large size-large wp-image-87\" alt=\"Bagn\u00e8res de Bigorre\" srcset=\"https:\/\/location-cure-bagneres.fr\/wp-content\/uploads\/2025\/12\/W-230819-7-6-1.jpg 745w, https:\/\/location-cure-bagneres.fr\/wp-content\/uploads\/2025\/12\/W-230819-7-6-1-300x213.jpg 300w\" sizes=\"100vw\" \/>\t\t\t\t\t\t\t\t\t\t\t\t\t\t\t<\/div>\n\t\t\t\t<\/div>\n\t\t\t\t\t<\/div>\n\t\t\t\t<\/div>\n\t\t<div class=\"elementor-element elementor-element-ac3f3e0 e-flex e-con-boxed e-con e-parent\" data-id=\"ac3f3e0\" data-element_type=\"container\" data-e-type=\"container\">\n\t\t\t\t\t<div class=\"e-con-inner\">\n\t\t<div class=\"elementor-element elementor-element-cee44bd e-con-full e-flex e-con e-child\" data-id=\"cee44bd\" data-element_type=\"container\" data-e-type=\"container\">\n\t\t\t\t<div class=\"elementor-element elementor-element-24d46bf elementor-widget elementor-widget-heading\" data-id=\"24d46bf\" data-element_type=\"widget\" data-e-type=\"widget\" data-widget_type=\"heading.default\">\n\t\t\t\t\t<h2 class=\"elementor-heading-title elementor-size-default\">Tarifs <br> pour 3 semaines<\/h2>\t\t\t\t<\/div>\n\t\t\t\t<\/div>\n\t\t<div class=\"elementor-element elementor-element-279cec2 e-con-full e-flex e-con e-child\" data-id=\"279cec2\" data-element_type=\"container\" data-e-type=\"container\">\n\t\t<div class=\"elementor-element elementor-element-ae85bd2 e-con-full e-flex e-con e-child\" data-id=\"ae85bd2\" data-element_type=\"container\" data-e-type=\"container\">\n\t\t\t\t<div class=\"elementor-element elementor-element-0ff7143 elementor-widget elementor-widget-text-editor\" data-id=\"0ff7143\" data-element_type=\"widget\" data-e-type=\"widget\" data-widget_type=\"text-editor.default\">\n\t\t\t\t\t\t\t\t\t<p>Basse saison (mars \/ avril \/ octobre \/ novembre)<\/p><p>660\u20ac <img decoding=\"async\" class=\"emoji\" role=\"img\" draggable=\"false\" src=\"https:\/\/s.w.org\/images\/core\/emoji\/17.0.2\/svg\/1f338.svg\" alt=\"\ud83c\udf38\" \/><\/p><p>Moyenne saison (mai \/ juin)\u00a0<\/p><p>760\u20ac <img decoding=\"async\" class=\"emoji\" role=\"img\" draggable=\"false\" src=\"https:\/\/s.w.org\/images\/core\/emoji\/17.0.2\/svg\/1f338.svg\" alt=\"\ud83c\udf38\" \/><\/p><p>Haute saison (juillet \/ ao\u00fbt \/ septembre)<\/p><p>900\u20ac <img decoding=\"async\" class=\"emoji\" role=\"img\" draggable=\"false\" src=\"https:\/\/s.w.org\/images\/core\/emoji\/17.0.2\/svg\/1f338.svg\" alt=\"\ud83c\udf38\" \/><\/p>\t\t\t\t\t\t\t\t<\/div>\n\t\t\t\t<\/div>\n\t\t<div class=\"elementor-element elementor-element-d4c0612 e-con-full e-flex e-con e-child\" data-id=\"d4c0612\" data-element_type=\"container\" data-e-type=\"container\">\n\t\t\t\t<div class=\"elementor-element elementor-element-c553358 elementor-widget elementor-widget-heading\" data-id=\"c553358\" data-element_type=\"widget\" data-e-type=\"widget\" data-widget_type=\"heading.default\">\n\t\t\t\t\t<h2 class=\"elementor-heading-title elementor-size-default\">R\u00e9servez au <br> 06 70 12 00 14<\/h2>\t\t\t\t<\/div>\n\t\t\t\t<\/div>\n\t\t\t\t<\/div>\n\t\t\t\t\t<\/div>\n\t\t\t\t<\/div>\n\t\t\t\t<\/div>\n\t\t","protected":false},"excerpt":{"rendered":"<p>Appartement en rez-de-chauss\u00e9e de notre villa, situ\u00e9 dans un quartier calme et ensoleill\u00e9 de Bagn\u00e8res-de-Bigorre, \u00e0 seulement 3 minutes en voiture des Grands Thermes et du centre-ville. Implant\u00e9 sur une petite colline, il offre une belle vue d\u00e9gag\u00e9e sur la ville, les collines et la vall\u00e9e. Id\u00e9al pour un s\u00e9jour de cure, l\u2019appartement dispose\u00a0d\u2019une cuisine &hellip; <\/p>\n<p class=\"link-more\"><a href=\"https:\/\/location-cure-bagneres.fr\/?page_id=18\" class=\"more-link\">Continuer la lecture<span class=\"screen-reader-text\"> de &laquo;&nbsp;Logement 4 personnes&nbsp;&raquo;<\/span><\/a><\/p>\n","protected":false},"author":1,"featured_media":110,"parent":0,"menu_order":0,"comment_status":"closed","ping_status":"closed","template":"","meta":{"footnotes":""},"class_list":["post-18","page","type-page","status-publish","has-post-thumbnail","hentry"],"_links":{"self":[{"href":"https:\/\/location-cure-bagneres.fr\/index.php?rest_route=\/wp\/v2\/pages\/18","targetHints":{"allow":["GET"]}}],"collection":[{"href":"https:\/\/location-cure-bagneres.fr\/index.php?rest_route=\/wp\/v2\/pages"}],"about":[{"href":"https:\/\/location-cure-bagneres.fr\/index.php?rest_route=\/wp\/v2\/types\/page"}],"author":[{"embeddable":true,"href":"https:\/\/location-cure-bagneres.fr\/index.php?rest_route=\/wp\/v2\/users\/1"}],"replies":[{"embeddable":true,"href":"https:\/\/location-cure-bagneres.fr\/index.php?rest_route=%2Fwp%2Fv2%2Fcomments&post=18"}],"version-history":[{"count":24,"href":"https:\/\/location-cure-bagneres.fr\/index.php?rest_route=\/wp\/v2\/pages\/18\/revisions"}],"predecessor-version":[{"id":167,"href":"https:\/\/location-cure-bagneres.fr\/index.php?rest_route=\/wp\/v2\/pages\/18\/revisions\/167"}],"wp:featuredmedia":[{"embeddable":true,"href":"https:\/\/location-cure-bagneres.fr\/index.php?rest_route=\/wp\/v2\/media\/110"}],"wp:attachment":[{"href":"https:\/\/location-cure-bagneres.fr\/index.php?rest_route=%2Fwp%2Fv2%2Fmedia&parent=18"}],"curies":[{"name":"wp","href":"https:\/\/api.w.org\/{rel}","templated":true}]}}