{"id":7,"date":"2025-11-28T21:31:00","date_gmt":"2025-11-28T21:31:00","guid":{"rendered":"http:\/\/location-cure-bagneres.fr\/?page_id=7"},"modified":"2025-12-15T14:45:57","modified_gmt":"2025-12-15T14:45:57","slug":"__trashed","status":"publish","type":"page","link":"https:\/\/location-cure-bagneres.fr\/?page_id=7","title":{"rendered":"Mentions l\u00e9gales"},"content":{"rendered":"\t\t<div data-elementor-type=\"wp-post\" data-elementor-id=\"7\" class=\"elementor elementor-7\">\n\t\t\t\t<div class=\"elementor-element elementor-element-ece94fb e-flex e-con-boxed e-con e-parent\" data-id=\"ece94fb\" data-element_type=\"container\" data-e-type=\"container\">\n\t\t\t\t\t<div class=\"e-con-inner\">\n\t\t\t\t<div class=\"elementor-element elementor-element-98274f0 elementor-widget elementor-widget-text-editor\" data-id=\"98274f0\" data-element_type=\"widget\" data-e-type=\"widget\" data-widget_type=\"text-editor.default\">\n\t\t\t\t\t\t\t\t\t<p data-start=\"173\" data-end=\"446\">Conform\u00e9ment aux dispositions de la loi n\u00b02004-575 du 21 juin 2004 pour la confiance dans l\u2019\u00e9conomie num\u00e9rique, il est pr\u00e9cis\u00e9 aux utilisateurs du site <strong data-start=\"325\" data-end=\"358\"><a class=\"decorated-link cursor-pointer\" target=\"_new\" rel=\"noopener\" data-start=\"327\" data-end=\"356\">www.location-cure-bagneres.fr<\/a><\/strong> l\u2019identit\u00e9 des diff\u00e9rents intervenants dans le cadre de sa r\u00e9alisation et de son suivi.<\/p><h3 data-start=\"448\" data-end=\"469\">\u00c9diteur du site<\/h3><p data-start=\"470\" data-end=\"747\">Le pr\u00e9sent site est \u00e9dit\u00e9 par :<br data-start=\"501\" data-end=\"504\" \/><strong data-start=\"504\" data-end=\"529\">Monsieur Jos\u00e9 Granado<\/strong><br data-start=\"529\" data-end=\"532\" \/>Activit\u00e9 : Location d\u2019appartements meubl\u00e9s pour curistes<br data-start=\"588\" data-end=\"591\" \/>Adresse : <strong data-start=\"601\" data-end=\"662\">13 Rue Hector Berlioz, 65200 Bagn\u00e8res-de-Bigorre \u2013 France<\/strong><br data-start=\"662\" data-end=\"665\" \/>T\u00e9l\u00e9phone : <strong data-start=\"677\" data-end=\"695\">06 70 12 00 14<\/strong><br data-start=\"695\" data-end=\"698\" \/>Adresse e-mail : <strong data-start=\"715\" data-end=\"747\"><a class=\"decorated-link cursor-pointer\" rel=\"noopener\" data-start=\"717\" data-end=\"745\">jose.granado.65200@gmail.com<\/a><\/strong><\/p><p data-start=\"749\" data-end=\"891\">Le site propose la location de <strong data-start=\"780\" data-end=\"890\">deux appartements destin\u00e9s principalement aux personnes effectuant une cure thermale \u00e0 Bagn\u00e8res-de-Bigorre<\/strong>.<\/p><hr data-start=\"893\" data-end=\"896\" \/><h3 data-start=\"898\" data-end=\"915\">H\u00e9bergement<\/h3><p data-start=\"916\" data-end=\"1106\">Le site est h\u00e9berg\u00e9 par :<br data-start=\"941\" data-end=\"944\" \/><strong data-start=\"944\" data-end=\"951\">OVH<\/strong><br data-start=\"951\" data-end=\"954\" \/>SAS au capital de 10 174 560 \u20ac<br data-start=\"984\" data-end=\"987\" \/>RCS Lille M\u00e9tropole 424 761 419 00045<br data-start=\"1024\" data-end=\"1027\" \/>Si\u00e8ge social :<br data-start=\"1041\" data-end=\"1044\" \/>2 rue Kellermann<br data-start=\"1060\" data-end=\"1063\" \/>59100 Roubaix \u2013 France<br data-start=\"1085\" data-end=\"1088\" \/>T\u00e9l\u00e9phone : 1007<\/p><hr data-start=\"1108\" data-end=\"1111\" \/><h3 data-start=\"1113\" data-end=\"1143\">Propri\u00e9t\u00e9 intellectuelle<\/h3><p data-start=\"1144\" data-end=\"1365\">L\u2019ensemble des contenus pr\u00e9sents sur le site <strong data-start=\"1189\" data-end=\"1222\"><a class=\"decorated-link cursor-pointer\" target=\"_new\" rel=\"noopener\" data-start=\"1191\" data-end=\"1220\">www.location-cure-bagneres.fr<\/a><\/strong> (textes, images, photographies, logos, \u00e9l\u00e9ments graphiques, etc.) est la propri\u00e9t\u00e9 exclusive de Monsieur Jos\u00e9 Granado, sauf mention contraire.<\/p><p data-start=\"1367\" data-end=\"1597\">Toute reproduction, repr\u00e9sentation, modification, publication ou adaptation, totale ou partielle, des \u00e9l\u00e9ments du site, quel que soit le moyen ou le proc\u00e9d\u00e9 utilis\u00e9, est interdite sans l\u2019autorisation \u00e9crite pr\u00e9alable de l\u2019\u00e9diteur.<\/p><hr data-start=\"1599\" data-end=\"1602\" \/><h3 data-start=\"1604\" data-end=\"1624\">Responsabilit\u00e9<\/h3><p data-start=\"1625\" data-end=\"1838\">L\u2019\u00e9diteur s\u2019efforce de fournir sur le site des informations aussi pr\u00e9cises que possible. Toutefois, il ne pourra \u00eatre tenu responsable des omissions, inexactitudes ou carences dans la mise \u00e0 jour des informations.<\/p><hr data-start=\"1840\" data-end=\"1843\" \/><h3 data-start=\"1845\" data-end=\"1871\">Donn\u00e9es personnelles<\/h3><p data-start=\"1872\" data-end=\"2015\">Les informations collect\u00e9es via le site (formulaire de contact, e-mails) sont utilis\u00e9es uniquement pour r\u00e9pondre aux demandes des utilisateurs.<\/p><p data-start=\"2017\" data-end=\"2252\">Conform\u00e9ment \u00e0 la r\u00e9glementation en vigueur (RGPD), vous disposez d\u2019un droit d\u2019acc\u00e8s, de rectification et de suppression des donn\u00e9es vous concernant.<br data-start=\"2166\" data-end=\"2169\" \/>Pour exercer ce droit, vous pouvez contacter l\u2019\u00e9diteur par t\u00e9l\u00e9phone ou par e-mail.<\/p><p data-start=\"2254\" data-end=\"2314\">Aucune donn\u00e9e personnelle n\u2019est c\u00e9d\u00e9e ou vendue \u00e0 des tiers.<\/p><hr data-start=\"2316\" data-end=\"2319\" \/><h3 data-start=\"2321\" data-end=\"2334\">Cookies<\/h3><p data-start=\"2335\" data-end=\"2566\">Le site <strong data-start=\"2343\" data-end=\"2376\"><a class=\"decorated-link cursor-pointer\" target=\"_new\" rel=\"noopener\" data-start=\"2345\" data-end=\"2374\">www.location-cure-bagneres.fr<\/a><\/strong> peut \u00eatre amen\u00e9 \u00e0 utiliser des cookies n\u00e9cessaires \u00e0 son bon fonctionnement et \u00e0 la mesure d\u2019audience.<br data-start=\"2479\" data-end=\"2482\" \/>L\u2019utilisateur peut \u00e0 tout moment configurer son navigateur pour refuser les cookies.<\/p><hr data-start=\"2568\" data-end=\"2571\" \/><h3 data-start=\"2573\" data-end=\"2595\">Droit applicable<\/h3><p data-start=\"2596\" data-end=\"2641\">Le pr\u00e9sent site est soumis au droit fran\u00e7ais.<\/p>\t\t\t\t\t\t\t\t<\/div>\n\t\t\t\t\t<\/div>\n\t\t\t\t<\/div>\n\t\t\t\t<\/div>\n\t\t","protected":false},"excerpt":{"rendered":"<p>Conform\u00e9ment aux dispositions de la loi n\u00b02004-575 du 21 juin 2004 pour la confiance dans l\u2019\u00e9conomie num\u00e9rique, il est pr\u00e9cis\u00e9 aux utilisateurs du site www.location-cure-bagneres.fr l\u2019identit\u00e9 des diff\u00e9rents intervenants dans le cadre de sa r\u00e9alisation et de son suivi. \u00c9diteur du site Le pr\u00e9sent site est \u00e9dit\u00e9 par :Monsieur Jos\u00e9 GranadoActivit\u00e9 : Location d\u2019appartements meubl\u00e9s &hellip; <\/p>\n<p class=\"link-more\"><a href=\"https:\/\/location-cure-bagneres.fr\/?page_id=7\" class=\"more-link\">Continuer la lecture<span class=\"screen-reader-text\"> de &laquo;&nbsp;Mentions l\u00e9gales&nbsp;&raquo;<\/span><\/a><\/p>\n","protected":false},"author":1,"featured_media":0,"parent":0,"menu_order":0,"comment_status":"closed","ping_status":"closed","template":"","meta":{"footnotes":""},"class_list":["post-7","page","type-page","status-publish","hentry"],"_links":{"self":[{"href":"https:\/\/location-cure-bagneres.fr\/index.php?rest_route=\/wp\/v2\/pages\/7","targetHints":{"allow":["GET"]}}],"collection":[{"href":"https:\/\/location-cure-bagneres.fr\/index.php?rest_route=\/wp\/v2\/pages"}],"about":[{"href":"https:\/\/location-cure-bagneres.fr\/index.php?rest_route=\/wp\/v2\/types\/page"}],"author":[{"embeddable":true,"href":"https:\/\/location-cure-bagneres.fr\/index.php?rest_route=\/wp\/v2\/users\/1"}],"replies":[{"embeddable":true,"href":"https:\/\/location-cure-bagneres.fr\/index.php?rest_route=%2Fwp%2Fv2%2Fcomments&post=7"}],"version-history":[{"count":8,"href":"https:\/\/location-cure-bagneres.fr\/index.php?rest_route=\/wp\/v2\/pages\/7\/revisions"}],"predecessor-version":[{"id":152,"href":"https:\/\/location-cure-bagneres.fr\/index.php?rest_route=\/wp\/v2\/pages\/7\/revisions\/152"}],"wp:attachment":[{"href":"https:\/\/location-cure-bagneres.fr\/index.php?rest_route=%2Fwp%2Fv2%2Fmedia&parent=7"}],"curies":[{"name":"wp","href":"https:\/\/api.w.org\/{rel}","templated":true}]}}